{"id":2405,"date":"2025-10-23T08:08:03","date_gmt":"2025-10-23T06:08:03","guid":{"rendered":"https:\/\/www.extremecnc.pl\/?page_id=2405"},"modified":"2025-10-26T12:56:03","modified_gmt":"2025-10-26T11:56:03","slug":"leistungen","status":"publish","type":"page","link":"https:\/\/extremecnc.pl\/de\/leistungen\/","title":{"rendered":"Leistungen"},"content":{"rendered":"\t\t<div data-elementor-type=\"wp-page\" data-elementor-id=\"2405\" class=\"elementor elementor-2405 elementor-1141\" data-elementor-post-type=\"page\">\n\t\t\t\t<div class=\"elementor-element elementor-element-7981f21 e-flex e-con-boxed e-con e-parent\" data-id=\"7981f21\" data-element_type=\"container\" data-e-type=\"container\" data-settings=\"{&quot;background_background&quot;:&quot;video&quot;,&quot;background_video_link&quot;:&quot;https:\\\/\\\/extremecnc.pl\\\/wp-content\\\/uploads\\\/2025\\\/10\\\/5186233_Cnc_Head_1920x1080.mp4&quot;,&quot;background_play_on_mobile&quot;:&quot;yes&quot;}\">\n\t\t\t\t\t<div class=\"e-con-inner\">\n\t\t<div class=\"elementor-background-video-container\">\n\t\t\t\t\t\t\t<video class=\"elementor-background-video-hosted\" role=\"presentation\" autoplay muted playsinline loop><\/video>\n\t\t\t\t\t<\/div><div class=\"elementor-element elementor-element-9c1452f e-con-full e-flex e-con e-child\" data-id=\"9c1452f\" data-element_type=\"container\" data-e-type=\"container\">\n\t\t\t\t<div class=\"elementor-element elementor-element-97d755a elementor-widget elementor-widget-heading\" data-id=\"97d755a\" data-element_type=\"widget\" data-e-type=\"widget\" data-widget_type=\"heading.default\">\n\t\t\t\t\t<h3 class=\"elementor-heading-title elementor-size-default\">Extreme CNC - CNC-Dienstleistungen<\/h3>\t\t\t\t<\/div>\n\t\t\t\t<div class=\"elementor-element elementor-element-1a9e262 elementor-widget__width-initial elementor-widget-mobile__width-inherit elementor-widget elementor-widget-heading\" data-id=\"1a9e262\" data-element_type=\"widget\" data-e-type=\"widget\" data-widget_type=\"heading.default\">\n\t\t\t\t\t<h1 class=\"elementor-heading-title elementor-size-default\">Umfassende CNC-Dienstleistungen \u2013 Vom Design bis zum perfekten Detail<\/h1>\t\t\t\t<\/div>\n\t\t\t\t<div class=\"elementor-element elementor-element-ccc9b88 elementor-widget__width-initial elementor-widget elementor-widget-text-editor\" data-id=\"ccc9b88\" data-element_type=\"widget\" data-e-type=\"widget\" data-widget_type=\"text-editor.default\">\n\t\t\t\t\t\t\t\t\t<p>Bei Extreme CNC verfolgen wir einen ganzheitlichen Fertigungsansatz. Unser Angebot umfasst nicht nur einzelne Arbeitsschritte, sondern einen integrierten technologischen Prozess, der Ihre digitale Vision in ein pr\u00e4zises, physisches Bauteil verwandelt. Wir wissen, dass jedes Projekt anders ist und eine individuelle Herangehensweise erfordert. Deshalb verf\u00fcgen wir \u00fcber moderne Maschinen und unser technisches Know-how, um die idealen Werkzeuge f\u00fcr Ihre Ziele auszuw\u00e4hlen \u2013 vom Rapid Prototyping bis zur optimierten Massenproduktion.<\/p><p>Nachfolgend finden Sie eine Beschreibung unserer Kernkompetenzen. Klicken Sie hier, um mehr \u00fcber die Technologie zu erfahren, die Sie interessiert.<\/p>\t\t\t\t\t\t\t\t<\/div>\n\t\t\t\t<\/div>\n\t\t\t\t\t<\/div>\n\t\t\t\t<\/div>\n\t\t<div class=\"elementor-element elementor-element-97e668f e-flex e-con-boxed e-con e-parent\" data-id=\"97e668f\" data-element_type=\"container\" data-e-type=\"container\" data-settings=\"{&quot;background_background&quot;:&quot;classic&quot;}\">\n\t\t\t\t\t<div class=\"e-con-inner\">\n\t\t<div class=\"elementor-element elementor-element-34ae350 e-con-full e-flex e-con e-child\" data-id=\"34ae350\" data-element_type=\"container\" data-e-type=\"container\" data-settings=\"{&quot;background_background&quot;:&quot;classic&quot;}\">\n\t\t\t\t<\/div>\n\t\t<div class=\"elementor-element elementor-element-fd34fcb e-con-full e-flex e-con e-child\" data-id=\"fd34fcb\" data-element_type=\"container\" data-e-type=\"container\">\n\t\t\t\t<div class=\"elementor-element elementor-element-8178ae8 elementor-widget__width-inherit elementor-widget elementor-widget-heading\" data-id=\"8178ae8\" data-element_type=\"widget\" data-e-type=\"widget\" data-widget_type=\"heading.default\">\n\t\t\t\t\t<h2 class=\"elementor-heading-title elementor-size-default\">CNC-Fr\u00e4sen<\/h2>\t\t\t\t<\/div>\n\t\t\t\t<div class=\"elementor-element elementor-element-5f2b69c elementor-widget__width-inherit elementor-widget elementor-widget-text-editor\" data-id=\"5f2b69c\" data-element_type=\"widget\" data-e-type=\"widget\" data-widget_type=\"text-editor.default\">\n\t\t\t\t\t\t\t\t\t<p>Wir sind auf die Bearbeitung selbst komplexester Formen spezialisiert. Unsere 3- und 5-Achs-Fr\u00e4szentren erm\u00f6glichen die Herstellung von Pr\u00e4zisionskomponenten, Formen und Prototypen mit h\u00f6chster Genauigkeit und er\u00f6ffnen nahezu unbegrenzte geometrische M\u00f6glichkeiten.<\/p>\t\t\t\t\t\t\t\t<\/div>\n\t\t\t\t<div class=\"elementor-element elementor-element-c40837c elementor-widget__width-initial premium-lq__none elementor-widget elementor-widget-premium-addon-button\" data-id=\"c40837c\" data-element_type=\"widget\" data-e-type=\"widget\" data-widget_type=\"premium-addon-button.default\">\n\t\t\t\t\t\n\n\t\t<a class=\"premium-button premium-button-style6 premium-btn-block premium-button-style6\" href=\"https:\/\/extremecnc.pl\/frezowanie-cnc\/\">\n\t\t\t<div class=\"premium-button-text-icon-wrapper\">\n\t\t\t\t\n\t\t\t\t\t\t\t\t\t<span >\n\t\t\t\t\t\tMehr erfahren\t\t\t\t\t<\/span>\n\t\t\t\t\t\t\t<\/div>\n\n\t\t\t\n\t\t\t\n\t\t\t\n\t\t<\/a>\n\n\n\t\t\t\t\t\t<\/div>\n\t\t\t\t<\/div>\n\t\t\t\t\t<\/div>\n\t\t\t\t<\/div>\n\t\t<div class=\"elementor-element elementor-element-d66614d e-flex e-con-boxed e-con e-parent\" data-id=\"d66614d\" data-element_type=\"container\" data-e-type=\"container\" data-settings=\"{&quot;background_background&quot;:&quot;classic&quot;}\">\n\t\t\t\t\t<div class=\"e-con-inner\">\n\t\t<div class=\"elementor-element elementor-element-fbc23ec e-con-full e-flex e-con e-child\" data-id=\"fbc23ec\" data-element_type=\"container\" data-e-type=\"container\">\n\t\t\t\t<div class=\"elementor-element elementor-element-5c41edd elementor-widget__width-inherit elementor-widget elementor-widget-heading\" data-id=\"5c41edd\" data-element_type=\"widget\" data-e-type=\"widget\" data-widget_type=\"heading.default\">\n\t\t\t\t\t<h2 class=\"elementor-heading-title elementor-size-default\">CNC-Drehen<\/h2>\t\t\t\t<\/div>\n\t\t\t\t<div class=\"elementor-element elementor-element-b0ed622 elementor-widget__width-inherit elementor-widget elementor-widget-text-editor\" data-id=\"b0ed622\" data-element_type=\"widget\" data-e-type=\"widget\" data-widget_type=\"text-editor.default\">\n\t\t\t\t\t\t\t\t\t<p>Perfekte Symmetrie und Laufruhe sind die Markenzeichen unserer CNC-Dreharbeiten. Wir produzieren Wellen, Buchsen, Stifte und andere axiale Teile und garantieren sowohl bei der Einzelteil- als auch bei der automatisierten Gro\u00dfserienfertigung eine perfekte Wiederholgenauigkeit.<\/p>\t\t\t\t\t\t\t\t<\/div>\n\t\t\t\t<div class=\"elementor-element elementor-element-a63d0ad elementor-widget__width-initial premium-lq__none elementor-widget elementor-widget-premium-addon-button\" data-id=\"a63d0ad\" data-element_type=\"widget\" data-e-type=\"widget\" data-widget_type=\"premium-addon-button.default\">\n\t\t\t\t\t\n\n\t\t<a class=\"premium-button premium-button-style6 premium-btn-block premium-button-style6\" href=\"https:\/\/extremecnc.pl\/toczenie-cnc\/\">\n\t\t\t<div class=\"premium-button-text-icon-wrapper\">\n\t\t\t\t\n\t\t\t\t\t\t\t\t\t<span >\n\t\t\t\t\t\tMehr erfahren\t\t\t\t\t<\/span>\n\t\t\t\t\t\t\t<\/div>\n\n\t\t\t\n\t\t\t\n\t\t\t\n\t\t<\/a>\n\n\n\t\t\t\t\t\t<\/div>\n\t\t\t\t<\/div>\n\t\t<div class=\"elementor-element elementor-element-4db7038 e-con-full e-flex e-con e-child\" data-id=\"4db7038\" data-element_type=\"container\" data-e-type=\"container\" data-settings=\"{&quot;background_background&quot;:&quot;classic&quot;}\">\n\t\t\t\t<\/div>\n\t\t\t\t\t<\/div>\n\t\t\t\t<\/div>\n\t\t<div class=\"elementor-element elementor-element-3ffe048 e-flex e-con-boxed e-con e-parent\" data-id=\"3ffe048\" data-element_type=\"container\" data-e-type=\"container\" data-settings=\"{&quot;background_background&quot;:&quot;classic&quot;}\">\n\t\t\t\t\t<div class=\"e-con-inner\">\n\t\t<div class=\"elementor-element elementor-element-88473b1 e-con-full e-flex e-con e-child\" data-id=\"88473b1\" data-element_type=\"container\" data-e-type=\"container\" data-settings=\"{&quot;background_background&quot;:&quot;classic&quot;}\">\n\t\t\t\t<\/div>\n\t\t<div class=\"elementor-element elementor-element-dad17ed e-con-full e-flex e-con e-child\" data-id=\"dad17ed\" data-element_type=\"container\" data-e-type=\"container\">\n\t\t\t\t<div class=\"elementor-element elementor-element-5973b01 elementor-widget__width-inherit elementor-widget elementor-widget-heading\" data-id=\"5973b01\" data-element_type=\"widget\" data-e-type=\"widget\" data-widget_type=\"heading.default\">\n\t\t\t\t\t<h2 class=\"elementor-heading-title elementor-size-default\">CNC-Schleifen<\/h2>\t\t\t\t<\/div>\n\t\t\t\t<div class=\"elementor-element elementor-element-484dbd9 elementor-widget__width-inherit elementor-widget elementor-widget-text-editor\" data-id=\"484dbd9\" data-element_type=\"widget\" data-e-type=\"widget\" data-widget_type=\"text-editor.default\">\n\t\t\t\t\t\t\t\t\t<p>Wenn jeder Mikrometer z\u00e4hlt, kommt das Schleifen zum Einsatz. Dabei handelt es sich um einen Veredelungsprozess, der engste Toleranzen und spiegelglatte Oberfl\u00e4chen erreicht und die Form der Teile nach der W\u00e4rmebehandlung korrigiert, um ihre endg\u00fcltige, kompromisslose Qualit\u00e4t sicherzustellen.<\/p>\t\t\t\t\t\t\t\t<\/div>\n\t\t\t\t<div class=\"elementor-element elementor-element-721544c elementor-widget__width-initial premium-lq__none elementor-widget elementor-widget-premium-addon-button\" data-id=\"721544c\" data-element_type=\"widget\" data-e-type=\"widget\" data-widget_type=\"premium-addon-button.default\">\n\t\t\t\t\t\n\n\t\t<a class=\"premium-button premium-button-style6 premium-btn-block premium-button-style6\" href=\"https:\/\/extremecnc.pl\/szlifowanie\/\">\n\t\t\t<div class=\"premium-button-text-icon-wrapper\">\n\t\t\t\t\n\t\t\t\t\t\t\t\t\t<span >\n\t\t\t\t\t\tMehr erfahren\t\t\t\t\t<\/span>\n\t\t\t\t\t\t\t<\/div>\n\n\t\t\t\n\t\t\t\n\t\t\t\n\t\t<\/a>\n\n\n\t\t\t\t\t\t<\/div>\n\t\t\t\t<\/div>\n\t\t\t\t\t<\/div>\n\t\t\t\t<\/div>\n\t\t<div class=\"elementor-element elementor-element-4eca0f2 e-flex e-con-boxed e-con e-parent\" data-id=\"4eca0f2\" data-element_type=\"container\" data-e-type=\"container\" data-settings=\"{&quot;background_background&quot;:&quot;classic&quot;}\">\n\t\t\t\t\t<div class=\"e-con-inner\">\n\t\t<div class=\"elementor-element elementor-element-c5d7634 e-con-full e-flex e-con e-child\" data-id=\"c5d7634\" data-element_type=\"container\" data-e-type=\"container\">\n\t\t\t\t<div class=\"elementor-element elementor-element-2562d35 elementor-widget__width-inherit elementor-widget elementor-widget-heading\" data-id=\"2562d35\" data-element_type=\"widget\" data-e-type=\"widget\" data-widget_type=\"heading.default\">\n\t\t\t\t\t<h2 class=\"elementor-heading-title elementor-size-default\">Bearbeitung<\/h2>\t\t\t\t<\/div>\n\t\t\t\t<div class=\"elementor-element elementor-element-86b218c elementor-widget__width-inherit elementor-widget elementor-widget-text-editor\" data-id=\"86b218c\" data-element_type=\"widget\" data-e-type=\"widget\" data-widget_type=\"text-editor.default\">\n\t\t\t\t\t\t\t\t\t<p>Dies ist unsere \u00fcbergreifende Kompetenz, die alle Technologien in einem einzigen, schl\u00fcssigen Prozess vereint. Wir \u00fcbernehmen die volle Verantwortung f\u00fcr das Projekt \u2013 von der Materialauswahl \u00fcber die Verarbeitung bis hin zur abschlie\u00dfenden Qualit\u00e4tskontrolle und liefern ein fertig montiertes Produkt.<\/p>\t\t\t\t\t\t\t\t<\/div>\n\t\t\t\t<div class=\"elementor-element elementor-element-20a12d0 elementor-widget__width-initial premium-lq__none elementor-widget elementor-widget-premium-addon-button\" data-id=\"20a12d0\" data-element_type=\"widget\" data-e-type=\"widget\" data-widget_type=\"premium-addon-button.default\">\n\t\t\t\t\t\n\n\t\t<a class=\"premium-button premium-button-style6 premium-btn-block premium-button-style6\" href=\"https:\/\/extremecnc.pl\/obrobka-skrawaniem\/\">\n\t\t\t<div class=\"premium-button-text-icon-wrapper\">\n\t\t\t\t\n\t\t\t\t\t\t\t\t\t<span >\n\t\t\t\t\t\tMehr erfahren\t\t\t\t\t<\/span>\n\t\t\t\t\t\t\t<\/div>\n\n\t\t\t\n\t\t\t\n\t\t\t\n\t\t<\/a>\n\n\n\t\t\t\t\t\t<\/div>\n\t\t\t\t<\/div>\n\t\t<div class=\"elementor-element elementor-element-95c41e6 e-con-full e-flex e-con e-child\" data-id=\"95c41e6\" data-element_type=\"container\" data-e-type=\"container\" data-settings=\"{&quot;background_background&quot;:&quot;classic&quot;}\">\n\t\t\t\t<\/div>\n\t\t\t\t\t<\/div>\n\t\t\t\t<\/div>\n\t\t<div class=\"elementor-element elementor-element-a60e2d6 e-flex e-con-boxed e-con e-parent\" data-id=\"a60e2d6\" data-element_type=\"container\" data-e-type=\"container\" data-settings=\"{&quot;background_background&quot;:&quot;classic&quot;}\">\n\t\t\t\t\t<div class=\"e-con-inner\">\n\t\t<div class=\"elementor-element elementor-element-a20b630 e-con-full e-flex e-con e-child\" data-id=\"a20b630\" data-element_type=\"container\" data-e-type=\"container\" data-settings=\"{&quot;background_background&quot;:&quot;classic&quot;}\">\n\t\t\t\t<\/div>\n\t\t<div class=\"elementor-element elementor-element-e045d5c e-con-full e-flex e-con e-child\" data-id=\"e045d5c\" data-element_type=\"container\" data-e-type=\"container\">\n\t\t\t\t<div class=\"elementor-element elementor-element-5875863 elementor-widget__width-inherit elementor-widget elementor-widget-heading\" data-id=\"5875863\" data-element_type=\"widget\" data-e-type=\"widget\" data-widget_type=\"heading.default\">\n\t\t\t\t\t<h2 class=\"elementor-heading-title elementor-size-default\">Reverse Engineering<\/h2>\t\t\t\t<\/div>\n\t\t\t\t<div class=\"elementor-element elementor-element-4c3c8be elementor-widget__width-inherit elementor-widget elementor-widget-text-editor\" data-id=\"4c3c8be\" data-element_type=\"widget\" data-e-type=\"widget\" data-widget_type=\"text-editor.default\">\n\t\t\t\t\t\t\t\t\t<p>Das Fehlen einer technischen Zeichnung ist f\u00fcr uns kein Problem, sondern eine Herausforderung. Basierend auf einem physischen Teil erstellen wir eine vollst\u00e4ndige digitale Dokumentation (3D- und 2D-CAD) und erm\u00f6glichen so die Produktion oder Modernisierung von Teilen, die auf dem Markt nicht erh\u00e4ltlich sind.<\/p>\t\t\t\t\t\t\t\t<\/div>\n\t\t\t\t<div class=\"elementor-element elementor-element-1bd2b60 elementor-widget__width-initial premium-lq__none elementor-widget elementor-widget-premium-addon-button\" data-id=\"1bd2b60\" data-element_type=\"widget\" data-e-type=\"widget\" data-widget_type=\"premium-addon-button.default\">\n\t\t\t\t\t\n\n\t\t<a class=\"premium-button premium-button-style6 premium-btn-block premium-button-style6\" href=\"https:\/\/extremecnc.pl\/inzynieria-odwrotna-reengineering\/\">\n\t\t\t<div class=\"premium-button-text-icon-wrapper\">\n\t\t\t\t\n\t\t\t\t\t\t\t\t\t<span >\n\t\t\t\t\t\tMehr erfahren\t\t\t\t\t<\/span>\n\t\t\t\t\t\t\t<\/div>\n\n\t\t\t\n\t\t\t\n\t\t\t\n\t\t<\/a>\n\n\n\t\t\t\t\t\t<\/div>\n\t\t\t\t<\/div>\n\t\t\t\t\t<\/div>\n\t\t\t\t<\/div>\n\t\t<div class=\"elementor-element elementor-element-7cdadd9 e-flex e-con-boxed e-con e-child\" data-id=\"7cdadd9\" data-element_type=\"container\" data-e-type=\"container\" data-settings=\"{&quot;background_background&quot;:&quot;gradient&quot;}\">\n\t\t\t\t\t<div class=\"e-con-inner\">\n\t\t<div class=\"elementor-element elementor-element-c84a402 e-con-full e-flex e-con e-child\" data-id=\"c84a402\" data-element_type=\"container\" data-e-type=\"container\">\n\t\t\t\t<div class=\"elementor-element elementor-element-01c3eb6 elementor-widget__width-initial elementor-widget elementor-widget-heading\" data-id=\"01c3eb6\" data-element_type=\"widget\" data-e-type=\"widget\" data-widget_type=\"heading.default\">\n\t\t\t\t\t<h3 class=\"elementor-heading-title elementor-size-default\">Lassen Sie uns Ihr Projekt in die Realit\u00e4t umsetzen<\/h3>\t\t\t\t<\/div>\n\t\t\t\t<div class=\"elementor-element elementor-element-f718ae7 elementor-widget elementor-widget-text-editor\" data-id=\"f718ae7\" data-element_type=\"widget\" data-e-type=\"widget\" data-widget_type=\"text-editor.default\">\n\t\t\t\t\t\t\t\t\t<p>Sie kennen nun unsere F\u00e4higkeiten. Wir zeigen Ihnen, wie wir sie f\u00fcr Sie einsetzen k\u00f6nnen. Senden Sie uns Ihr Projekt, und unser Ingenieurteam erstellt Ihnen ein kostenloses und unverbindliches Angebot, um Sie beim n\u00e4chsten Schritt zu unterst\u00fctzen.<\/p>\t\t\t\t\t\t\t\t<\/div>\n\t\t\t\t<\/div>\n\t\t<div class=\"elementor-element elementor-element-6529b72 e-con-full e-flex e-con e-child\" data-id=\"6529b72\" data-element_type=\"container\" data-e-type=\"container\">\n\t\t\t\t<div class=\"elementor-element elementor-element-e7cdd8e elementor-widget__width-initial premium-lq__none elementor-widget elementor-widget-premium-addon-button\" data-id=\"e7cdd8e\" data-element_type=\"widget\" data-e-type=\"widget\" data-widget_type=\"premium-addon-button.default\">\n\t\t\t\t\t\n\n\t\t<a class=\"premium-button premium-button-style6 premium-btn-block premium-button-style6\" href=\"https:\/\/extremecnc.pl\/bezplatna-wycena\/\">\n\t\t\t<div class=\"premium-button-text-icon-wrapper\">\n\t\t\t\t\n\t\t\t\t\t\t\t\t\t<span >\n\t\t\t\t\t\tKostenloses Angebot\t\t\t\t\t<\/span>\n\t\t\t\t\t\t\t<\/div>\n\n\t\t\t\n\t\t\t\n\t\t\t\n\t\t<\/a>\n\n\n\t\t\t\t\t\t<\/div>\n\t\t\t\t<\/div>\n\t\t\t\t\t<\/div>\n\t\t\t\t<\/div>\n\t\t\t\t<\/div>\n\t\t","protected":false},"excerpt":{"rendered":"<p>Extreme CNC &#8211; CNC-Dienstleistungen Umfassende CNC-Dienstleistungen \u2013 Vom Design bis zum perfekten Detail Bei Extreme CNC verfolgen wir einen ganzheitlichen Fertigungsansatz. Unser Angebot umfasst nicht nur einzelne Arbeitsschritte, sondern einen integrierten technologischen Prozess, der Ihre digitale Vision in ein pr\u00e4zises, physisches Bauteil verwandelt. Wir wissen, dass jedes Projekt anders ist und eine individuelle Herangehensweise erfordert. [&hellip;]<\/p>\n","protected":false},"author":1,"featured_media":0,"parent":0,"menu_order":0,"comment_status":"closed","ping_status":"closed","template":"","meta":{"_monsterinsights_skip_tracking":false,"_monsterinsights_sitenote_active":false,"_monsterinsights_sitenote_note":"","_monsterinsights_sitenote_category":0,"footnotes":""},"class_list":["post-2405","page","type-page","status-publish","hentry"],"_links":{"self":[{"href":"https:\/\/extremecnc.pl\/de\/wp-json\/wp\/v2\/pages\/2405","targetHints":{"allow":["GET"]}}],"collection":[{"href":"https:\/\/extremecnc.pl\/de\/wp-json\/wp\/v2\/pages"}],"about":[{"href":"https:\/\/extremecnc.pl\/de\/wp-json\/wp\/v2\/types\/page"}],"author":[{"embeddable":true,"href":"https:\/\/extremecnc.pl\/de\/wp-json\/wp\/v2\/users\/1"}],"replies":[{"embeddable":true,"href":"https:\/\/extremecnc.pl\/de\/wp-json\/wp\/v2\/comments?post=2405"}],"version-history":[{"count":4,"href":"https:\/\/extremecnc.pl\/de\/wp-json\/wp\/v2\/pages\/2405\/revisions"}],"predecessor-version":[{"id":2569,"href":"https:\/\/extremecnc.pl\/de\/wp-json\/wp\/v2\/pages\/2405\/revisions\/2569"}],"wp:attachment":[{"href":"https:\/\/extremecnc.pl\/de\/wp-json\/wp\/v2\/media?parent=2405"}],"curies":[{"name":"wp","href":"https:\/\/api.w.org\/{rel}","templated":true}]}}