{"id":2376,"date":"2025-10-23T08:08:03","date_gmt":"2025-10-23T06:08:03","guid":{"rendered":"https:\/\/www.extremecnc.pl\/?page_id=2376"},"modified":"2025-10-26T12:54:03","modified_gmt":"2025-10-26T11:54:03","slug":"nos-services","status":"publish","type":"page","link":"https:\/\/extremecnc.pl\/fr\/nos-services\/","title":{"rendered":"Nos services"},"content":{"rendered":"\t\t<div data-elementor-type=\"wp-page\" data-elementor-id=\"2376\" class=\"elementor elementor-2376 elementor-1141\" data-elementor-post-type=\"page\">\n\t\t\t\t<div class=\"elementor-element elementor-element-7981f21 e-flex e-con-boxed e-con e-parent\" data-id=\"7981f21\" data-element_type=\"container\" data-e-type=\"container\" data-settings=\"{&quot;background_background&quot;:&quot;video&quot;,&quot;background_video_link&quot;:&quot;https:\\\/\\\/extremecnc.pl\\\/wp-content\\\/uploads\\\/2025\\\/10\\\/5186233_Cnc_Head_1920x1080.mp4&quot;,&quot;background_play_on_mobile&quot;:&quot;yes&quot;}\">\n\t\t\t\t\t<div class=\"e-con-inner\">\n\t\t<div class=\"elementor-background-video-container\">\n\t\t\t\t\t\t\t<video class=\"elementor-background-video-hosted\" role=\"presentation\" autoplay muted playsinline loop><\/video>\n\t\t\t\t\t<\/div><div class=\"elementor-element elementor-element-9c1452f e-con-full e-flex e-con e-child\" data-id=\"9c1452f\" data-element_type=\"container\" data-e-type=\"container\">\n\t\t\t\t<div class=\"elementor-element elementor-element-97d755a elementor-widget elementor-widget-heading\" data-id=\"97d755a\" data-element_type=\"widget\" data-e-type=\"widget\" data-widget_type=\"heading.default\">\n\t\t\t\t\t<h3 class=\"elementor-heading-title elementor-size-default\">Extreme CNC - Services CNC<\/h3>\t\t\t\t<\/div>\n\t\t\t\t<div class=\"elementor-element elementor-element-1a9e262 elementor-widget__width-initial elementor-widget-mobile__width-inherit elementor-widget elementor-widget-heading\" data-id=\"1a9e262\" data-element_type=\"widget\" data-e-type=\"widget\" data-widget_type=\"heading.default\">\n\t\t\t\t\t<h1 class=\"elementor-heading-title elementor-size-default\">Services CNC complets \u2013 De la conception aux d\u00e9tails parfaits<\/h1>\t\t\t\t<\/div>\n\t\t\t\t<div class=\"elementor-element elementor-element-ccc9b88 elementor-widget__width-initial elementor-widget elementor-widget-text-editor\" data-id=\"ccc9b88\" data-element_type=\"widget\" data-e-type=\"widget\" data-widget_type=\"text-editor.default\">\n\t\t\t\t\t\t\t\t\t<p>Chez <strong>Extreme CNC<\/strong>, nous adoptons une approche globale de la fabrication. Nos offres englobent non seulement des op\u00e9rations individuelles, mais aussi un processus technologique int\u00e9gr\u00e9 visant \u00e0 transformer votre vision num\u00e9rique en un composant physique pr\u00e9cis. Nous comprenons que chaque projet est unique et n\u00e9cessite une approche personnalis\u00e9e. C&rsquo;est pourquoi nous disposons de machines modernes et d&rsquo;une expertise en ing\u00e9nierie qui nous permettent de s\u00e9lectionner les outils id\u00e9aux pour atteindre vos objectifs, du prototypage rapide \u00e0 la production de masse optimis\u00e9e.<\/p><p>Vous trouverez ci-dessous une description de nos comp\u00e9tences cl\u00e9s. Cliquez pour en savoir plus sur la technologie qui vous int\u00e9resse.<\/p>\t\t\t\t\t\t\t\t<\/div>\n\t\t\t\t<\/div>\n\t\t\t\t\t<\/div>\n\t\t\t\t<\/div>\n\t\t<div class=\"elementor-element elementor-element-97e668f e-flex e-con-boxed e-con e-parent\" data-id=\"97e668f\" data-element_type=\"container\" data-e-type=\"container\" data-settings=\"{&quot;background_background&quot;:&quot;classic&quot;}\">\n\t\t\t\t\t<div class=\"e-con-inner\">\n\t\t<div class=\"elementor-element elementor-element-34ae350 e-con-full e-flex e-con e-child\" data-id=\"34ae350\" data-element_type=\"container\" data-e-type=\"container\" data-settings=\"{&quot;background_background&quot;:&quot;classic&quot;}\">\n\t\t\t\t<\/div>\n\t\t<div class=\"elementor-element elementor-element-fd34fcb e-con-full e-flex e-con e-child\" data-id=\"fd34fcb\" data-element_type=\"container\" data-e-type=\"container\">\n\t\t\t\t<div class=\"elementor-element elementor-element-8178ae8 elementor-widget__width-inherit elementor-widget elementor-widget-heading\" data-id=\"8178ae8\" data-element_type=\"widget\" data-e-type=\"widget\" data-widget_type=\"heading.default\">\n\t\t\t\t\t<h2 class=\"elementor-heading-title elementor-size-default\">Fraisage CNC<\/h2>\t\t\t\t<\/div>\n\t\t\t\t<div class=\"elementor-element elementor-element-5f2b69c elementor-widget__width-inherit elementor-widget elementor-widget-text-editor\" data-id=\"5f2b69c\" data-element_type=\"widget\" data-e-type=\"widget\" data-widget_type=\"text-editor.default\">\n\t\t\t\t\t\t\t\t\t<p>Nous sommes sp\u00e9cialis\u00e9s dans l&rsquo;usinage des formes les plus complexes. Nos centres d&rsquo;usinage 3 et 5 axes permettent la cr\u00e9ation de composants, moules et prototypes de pr\u00e9cision avec une pr\u00e9cision optimale, ouvrant ainsi des possibilit\u00e9s g\u00e9om\u00e9triques quasi illimit\u00e9es.<\/p>\t\t\t\t\t\t\t\t<\/div>\n\t\t\t\t<div class=\"elementor-element elementor-element-c40837c elementor-widget__width-initial premium-lq__none elementor-widget elementor-widget-premium-addon-button\" data-id=\"c40837c\" data-element_type=\"widget\" data-e-type=\"widget\" data-widget_type=\"premium-addon-button.default\">\n\t\t\t\t\t\n\n\t\t<a class=\"premium-button premium-button-style6 premium-btn-block premium-button-style6\" href=\"https:\/\/extremecnc.pl\/fr\/fraisage-cnc\/\">\n\t\t\t<div class=\"premium-button-text-icon-wrapper\">\n\t\t\t\t\n\t\t\t\t\t\t\t\t\t<span >\n\t\t\t\t\t\tApprendre encore plus\t\t\t\t\t<\/span>\n\t\t\t\t\t\t\t<\/div>\n\n\t\t\t\n\t\t\t\n\t\t\t\n\t\t<\/a>\n\n\n\t\t\t\t\t\t<\/div>\n\t\t\t\t<\/div>\n\t\t\t\t\t<\/div>\n\t\t\t\t<\/div>\n\t\t<div class=\"elementor-element elementor-element-d66614d e-flex e-con-boxed e-con e-parent\" data-id=\"d66614d\" data-element_type=\"container\" data-e-type=\"container\" data-settings=\"{&quot;background_background&quot;:&quot;classic&quot;}\">\n\t\t\t\t\t<div class=\"e-con-inner\">\n\t\t<div class=\"elementor-element elementor-element-fbc23ec e-con-full e-flex e-con e-child\" data-id=\"fbc23ec\" data-element_type=\"container\" data-e-type=\"container\">\n\t\t\t\t<div class=\"elementor-element elementor-element-5c41edd elementor-widget__width-inherit elementor-widget elementor-widget-heading\" data-id=\"5c41edd\" data-element_type=\"widget\" data-e-type=\"widget\" data-widget_type=\"heading.default\">\n\t\t\t\t\t<h2 class=\"elementor-heading-title elementor-size-default\">Tournage CNC<\/h2>\t\t\t\t<\/div>\n\t\t\t\t<div class=\"elementor-element elementor-element-b0ed622 elementor-widget__width-inherit elementor-widget elementor-widget-text-editor\" data-id=\"b0ed622\" data-element_type=\"widget\" data-e-type=\"widget\" data-widget_type=\"text-editor.default\">\n\t\t\t\t\t\t\t\t\t<p>Sym\u00e9trie et r\u00e9gularit\u00e9 parfaites caract\u00e9risent notre tournage CNC. Nous produisons des arbres, des bagues, des axes et autres pi\u00e8ces axiales, garantissant une r\u00e9p\u00e9tabilit\u00e9 parfaite, tant pour la production unitaire que pour la production automatis\u00e9e en grande s\u00e9rie.<\/p>\t\t\t\t\t\t\t\t<\/div>\n\t\t\t\t<div class=\"elementor-element elementor-element-a63d0ad elementor-widget__width-initial premium-lq__none elementor-widget elementor-widget-premium-addon-button\" data-id=\"a63d0ad\" data-element_type=\"widget\" data-e-type=\"widget\" data-widget_type=\"premium-addon-button.default\">\n\t\t\t\t\t\n\n\t\t<a class=\"premium-button premium-button-style6 premium-btn-block premium-button-style6\" href=\"https:\/\/extremecnc.pl\/fr\/tournage-cnc\/\">\n\t\t\t<div class=\"premium-button-text-icon-wrapper\">\n\t\t\t\t\n\t\t\t\t\t\t\t\t\t<span >\n\t\t\t\t\t\tApprendre encore plus\t\t\t\t\t<\/span>\n\t\t\t\t\t\t\t<\/div>\n\n\t\t\t\n\t\t\t\n\t\t\t\n\t\t<\/a>\n\n\n\t\t\t\t\t\t<\/div>\n\t\t\t\t<\/div>\n\t\t<div class=\"elementor-element elementor-element-4db7038 e-con-full e-flex e-con e-child\" data-id=\"4db7038\" data-element_type=\"container\" data-e-type=\"container\" data-settings=\"{&quot;background_background&quot;:&quot;classic&quot;}\">\n\t\t\t\t<\/div>\n\t\t\t\t\t<\/div>\n\t\t\t\t<\/div>\n\t\t<div class=\"elementor-element elementor-element-3ffe048 e-flex e-con-boxed e-con e-parent\" data-id=\"3ffe048\" data-element_type=\"container\" data-e-type=\"container\" data-settings=\"{&quot;background_background&quot;:&quot;classic&quot;}\">\n\t\t\t\t\t<div class=\"e-con-inner\">\n\t\t<div class=\"elementor-element elementor-element-88473b1 e-con-full e-flex e-con e-child\" data-id=\"88473b1\" data-element_type=\"container\" data-e-type=\"container\" data-settings=\"{&quot;background_background&quot;:&quot;classic&quot;}\">\n\t\t\t\t<\/div>\n\t\t<div class=\"elementor-element elementor-element-dad17ed e-con-full e-flex e-con e-child\" data-id=\"dad17ed\" data-element_type=\"container\" data-e-type=\"container\">\n\t\t\t\t<div class=\"elementor-element elementor-element-5973b01 elementor-widget__width-inherit elementor-widget elementor-widget-heading\" data-id=\"5973b01\" data-element_type=\"widget\" data-e-type=\"widget\" data-widget_type=\"heading.default\">\n\t\t\t\t\t<h2 class=\"elementor-heading-title elementor-size-default\">Rectification CNC<\/h2>\t\t\t\t<\/div>\n\t\t\t\t<div class=\"elementor-element elementor-element-484dbd9 elementor-widget__width-inherit elementor-widget elementor-widget-text-editor\" data-id=\"484dbd9\" data-element_type=\"widget\" data-e-type=\"widget\" data-widget_type=\"text-editor.default\">\n\t\t\t\t\t\t\t\t\t<p>Lorsque chaque microm\u00e8tre compte, la rectification entre en jeu. Il s&rsquo;agit d&rsquo;un processus de finition qui permet d&rsquo;obtenir les tol\u00e9rances les plus strictes, des surfaces semblables \u00e0 un miroir et de corriger la forme des pi\u00e8ces apr\u00e8s le traitement thermique, garantissant ainsi leur qualit\u00e9 finale sans compromis.<\/p>\t\t\t\t\t\t\t\t<\/div>\n\t\t\t\t<div class=\"elementor-element elementor-element-721544c elementor-widget__width-initial premium-lq__none elementor-widget elementor-widget-premium-addon-button\" data-id=\"721544c\" data-element_type=\"widget\" data-e-type=\"widget\" data-widget_type=\"premium-addon-button.default\">\n\t\t\t\t\t\n\n\t\t<a class=\"premium-button premium-button-style6 premium-btn-block premium-button-style6\" href=\"https:\/\/extremecnc.pl\/fr\/affutage\/\">\n\t\t\t<div class=\"premium-button-text-icon-wrapper\">\n\t\t\t\t\n\t\t\t\t\t\t\t\t\t<span >\n\t\t\t\t\t\tApprendre encore plus\t\t\t\t\t<\/span>\n\t\t\t\t\t\t\t<\/div>\n\n\t\t\t\n\t\t\t\n\t\t\t\n\t\t<\/a>\n\n\n\t\t\t\t\t\t<\/div>\n\t\t\t\t<\/div>\n\t\t\t\t\t<\/div>\n\t\t\t\t<\/div>\n\t\t<div class=\"elementor-element elementor-element-4eca0f2 e-flex e-con-boxed e-con e-parent\" data-id=\"4eca0f2\" data-element_type=\"container\" data-e-type=\"container\" data-settings=\"{&quot;background_background&quot;:&quot;classic&quot;}\">\n\t\t\t\t\t<div class=\"e-con-inner\">\n\t\t<div class=\"elementor-element elementor-element-c5d7634 e-con-full e-flex e-con e-child\" data-id=\"c5d7634\" data-element_type=\"container\" data-e-type=\"container\">\n\t\t\t\t<div class=\"elementor-element elementor-element-2562d35 elementor-widget__width-inherit elementor-widget elementor-widget-heading\" data-id=\"2562d35\" data-element_type=\"widget\" data-e-type=\"widget\" data-widget_type=\"heading.default\">\n\t\t\t\t\t<h2 class=\"elementor-heading-title elementor-size-default\">Usinage<\/h2>\t\t\t\t<\/div>\n\t\t\t\t<div class=\"elementor-element elementor-element-86b218c elementor-widget__width-inherit elementor-widget elementor-widget-text-editor\" data-id=\"86b218c\" data-element_type=\"widget\" data-e-type=\"widget\" data-widget_type=\"text-editor.default\">\n\t\t\t\t\t\t\t\t\t<p>C&rsquo;est notre comp\u00e9tence fondamentale, combinant toutes les technologies en un processus unique et coh\u00e9rent. Nous assumons l&rsquo;enti\u00e8re responsabilit\u00e9 du projet\u00a0: du choix des mat\u00e9riaux \u00e0 la fabrication, en passant par le contr\u00f4le qualit\u00e9 final et la livraison d&rsquo;un produit enti\u00e8rement assembl\u00e9.<\/p>\t\t\t\t\t\t\t\t<\/div>\n\t\t\t\t<div class=\"elementor-element elementor-element-20a12d0 elementor-widget__width-initial premium-lq__none elementor-widget elementor-widget-premium-addon-button\" data-id=\"20a12d0\" data-element_type=\"widget\" data-e-type=\"widget\" data-widget_type=\"premium-addon-button.default\">\n\t\t\t\t\t\n\n\t\t<a class=\"premium-button premium-button-style6 premium-btn-block premium-button-style6\" href=\"https:\/\/extremecnc.pl\/fr\/usinage\/\">\n\t\t\t<div class=\"premium-button-text-icon-wrapper\">\n\t\t\t\t\n\t\t\t\t\t\t\t\t\t<span >\n\t\t\t\t\t\tApprendre encore plus\t\t\t\t\t<\/span>\n\t\t\t\t\t\t\t<\/div>\n\n\t\t\t\n\t\t\t\n\t\t\t\n\t\t<\/a>\n\n\n\t\t\t\t\t\t<\/div>\n\t\t\t\t<\/div>\n\t\t<div class=\"elementor-element elementor-element-95c41e6 e-con-full e-flex e-con e-child\" data-id=\"95c41e6\" data-element_type=\"container\" data-e-type=\"container\" data-settings=\"{&quot;background_background&quot;:&quot;classic&quot;}\">\n\t\t\t\t<\/div>\n\t\t\t\t\t<\/div>\n\t\t\t\t<\/div>\n\t\t<div class=\"elementor-element elementor-element-a60e2d6 e-flex e-con-boxed e-con e-parent\" data-id=\"a60e2d6\" data-element_type=\"container\" data-e-type=\"container\" data-settings=\"{&quot;background_background&quot;:&quot;classic&quot;}\">\n\t\t\t\t\t<div class=\"e-con-inner\">\n\t\t<div class=\"elementor-element elementor-element-a20b630 e-con-full e-flex e-con e-child\" data-id=\"a20b630\" data-element_type=\"container\" data-e-type=\"container\" data-settings=\"{&quot;background_background&quot;:&quot;classic&quot;}\">\n\t\t\t\t<\/div>\n\t\t<div class=\"elementor-element elementor-element-e045d5c e-con-full e-flex e-con e-child\" data-id=\"e045d5c\" data-element_type=\"container\" data-e-type=\"container\">\n\t\t\t\t<div class=\"elementor-element elementor-element-5875863 elementor-widget__width-inherit elementor-widget elementor-widget-heading\" data-id=\"5875863\" data-element_type=\"widget\" data-e-type=\"widget\" data-widget_type=\"heading.default\">\n\t\t\t\t\t<h2 class=\"elementor-heading-title elementor-size-default\">Ing\u00e9nierie inverse<\/h2>\t\t\t\t<\/div>\n\t\t\t\t<div class=\"elementor-element elementor-element-4c3c8be elementor-widget__width-inherit elementor-widget elementor-widget-text-editor\" data-id=\"4c3c8be\" data-element_type=\"widget\" data-e-type=\"widget\" data-widget_type=\"text-editor.default\">\n\t\t\t\t\t\t\t\t\t<p>Pour nous, l&rsquo;absence de dessin technique n&rsquo;est pas un probl\u00e8me, mais un d\u00e9fi. \u00c0 partir d&rsquo;une pi\u00e8ce physique, nous recr\u00e9ons une documentation num\u00e9rique compl\u00e8te (CAO 3D et 2D), permettant la production ou la modernisation de pi\u00e8ces non disponibles sur le march\u00e9.<\/p>\t\t\t\t\t\t\t\t<\/div>\n\t\t\t\t<div class=\"elementor-element elementor-element-1bd2b60 elementor-widget__width-initial premium-lq__none elementor-widget elementor-widget-premium-addon-button\" data-id=\"1bd2b60\" data-element_type=\"widget\" data-e-type=\"widget\" data-widget_type=\"premium-addon-button.default\">\n\t\t\t\t\t\n\n\t\t<a class=\"premium-button premium-button-style6 premium-btn-block premium-button-style6\" href=\"https:\/\/extremecnc.pl\/fr\/ingenierie-inverse-reingenierie\/\">\n\t\t\t<div class=\"premium-button-text-icon-wrapper\">\n\t\t\t\t\n\t\t\t\t\t\t\t\t\t<span >\n\t\t\t\t\t\tApprendre encore plus\t\t\t\t\t<\/span>\n\t\t\t\t\t\t\t<\/div>\n\n\t\t\t\n\t\t\t\n\t\t\t\n\t\t<\/a>\n\n\n\t\t\t\t\t\t<\/div>\n\t\t\t\t<\/div>\n\t\t\t\t\t<\/div>\n\t\t\t\t<\/div>\n\t\t<div class=\"elementor-element elementor-element-7cdadd9 e-flex e-con-boxed e-con e-child\" data-id=\"7cdadd9\" data-element_type=\"container\" data-e-type=\"container\" data-settings=\"{&quot;background_background&quot;:&quot;gradient&quot;}\">\n\t\t\t\t\t<div class=\"e-con-inner\">\n\t\t<div class=\"elementor-element elementor-element-c84a402 e-con-full e-flex e-con e-child\" data-id=\"c84a402\" data-element_type=\"container\" data-e-type=\"container\">\n\t\t\t\t<div class=\"elementor-element elementor-element-01c3eb6 elementor-widget__width-initial elementor-widget elementor-widget-heading\" data-id=\"01c3eb6\" data-element_type=\"widget\" data-e-type=\"widget\" data-widget_type=\"heading.default\">\n\t\t\t\t\t<h3 class=\"elementor-heading-title elementor-size-default\">Transformons votre projet en r\u00e9alit\u00e9<\/h3>\t\t\t\t<\/div>\n\t\t\t\t<div class=\"elementor-element elementor-element-f718ae7 elementor-widget elementor-widget-text-editor\" data-id=\"f718ae7\" data-element_type=\"widget\" data-e-type=\"widget\" data-widget_type=\"text-editor.default\">\n\t\t\t\t\t\t\t\t\t<p>Vous connaissez d\u00e9sormais nos comp\u00e9tences. Laissez-nous vous montrer comment nous pouvons les mettre \u00e0 votre service. Confiez-nous votre projet et notre \u00e9quipe d&rsquo;ing\u00e9nieurs \u00e9tablira un devis gratuit et sans engagement pour vous aider \u00e0 passer \u00e0 l&rsquo;\u00e9tape suivante.<\/p>\t\t\t\t\t\t\t\t<\/div>\n\t\t\t\t<\/div>\n\t\t<div class=\"elementor-element elementor-element-6529b72 e-con-full e-flex e-con e-child\" data-id=\"6529b72\" data-element_type=\"container\" data-e-type=\"container\">\n\t\t\t\t<div class=\"elementor-element elementor-element-e7cdd8e elementor-widget__width-initial premium-lq__none elementor-widget elementor-widget-premium-addon-button\" data-id=\"e7cdd8e\" data-element_type=\"widget\" data-e-type=\"widget\" data-widget_type=\"premium-addon-button.default\">\n\t\t\t\t\t\n\n\t\t<a class=\"premium-button premium-button-style6 premium-btn-block premium-button-style6\" href=\"https:\/\/extremecnc.pl\/fr\/?page_id=2386\">\n\t\t\t<div class=\"premium-button-text-icon-wrapper\">\n\t\t\t\t\n\t\t\t\t\t\t\t\t\t<span >\n\t\t\t\t\t\tDevis gratuit\t\t\t\t\t<\/span>\n\t\t\t\t\t\t\t<\/div>\n\n\t\t\t\n\t\t\t\n\t\t\t\n\t\t<\/a>\n\n\n\t\t\t\t\t\t<\/div>\n\t\t\t\t<\/div>\n\t\t\t\t\t<\/div>\n\t\t\t\t<\/div>\n\t\t\t\t<\/div>\n\t\t","protected":false},"excerpt":{"rendered":"<p>Extreme CNC &#8211; Services CNC Services CNC complets \u2013 De la conception aux d\u00e9tails parfaits Chez Extreme CNC, nous adoptons une approche globale de la fabrication. Nos offres englobent non seulement des op\u00e9rations individuelles, mais aussi un processus technologique int\u00e9gr\u00e9 visant \u00e0 transformer votre vision num\u00e9rique en un composant physique pr\u00e9cis. Nous comprenons que chaque [&hellip;]<\/p>\n","protected":false},"author":1,"featured_media":0,"parent":0,"menu_order":0,"comment_status":"closed","ping_status":"closed","template":"","meta":{"_monsterinsights_skip_tracking":false,"_monsterinsights_sitenote_active":false,"_monsterinsights_sitenote_note":"","_monsterinsights_sitenote_category":0,"footnotes":""},"class_list":["post-2376","page","type-page","status-publish","hentry"],"_links":{"self":[{"href":"https:\/\/extremecnc.pl\/fr\/wp-json\/wp\/v2\/pages\/2376","targetHints":{"allow":["GET"]}}],"collection":[{"href":"https:\/\/extremecnc.pl\/fr\/wp-json\/wp\/v2\/pages"}],"about":[{"href":"https:\/\/extremecnc.pl\/fr\/wp-json\/wp\/v2\/types\/page"}],"author":[{"embeddable":true,"href":"https:\/\/extremecnc.pl\/fr\/wp-json\/wp\/v2\/users\/1"}],"replies":[{"embeddable":true,"href":"https:\/\/extremecnc.pl\/fr\/wp-json\/wp\/v2\/comments?post=2376"}],"version-history":[{"count":5,"href":"https:\/\/extremecnc.pl\/fr\/wp-json\/wp\/v2\/pages\/2376\/revisions"}],"predecessor-version":[{"id":2566,"href":"https:\/\/extremecnc.pl\/fr\/wp-json\/wp\/v2\/pages\/2376\/revisions\/2566"}],"wp:attachment":[{"href":"https:\/\/extremecnc.pl\/fr\/wp-json\/wp\/v2\/media?parent=2376"}],"curies":[{"name":"wp","href":"https:\/\/api.w.org\/{rel}","templated":true}]}}